{"id":11,"date":"2024-11-02T13:16:32","date_gmt":"2024-11-02T13:16:32","guid":{"rendered":"https:\/\/axeltron.pl\/?page_id=11"},"modified":"2024-11-03T20:46:23","modified_gmt":"2024-11-03T20:46:23","slug":"strona-glowna","status":"publish","type":"page","link":"https:\/\/axeltron.pl\/","title":{"rendered":"Strona g\u0142\u00f3wna"},"content":{"rendered":"\t\t<div data-elementor-type=\"wp-page\" data-elementor-id=\"11\" class=\"elementor elementor-11\" data-elementor-post-type=\"page\">\n\t\t\t\t<div class=\"elementor-element elementor-element-d46882e e-flex e-con-boxed e-con e-parent\" data-id=\"d46882e\" data-element_type=\"container\">\n\t\t\t\t\t<div class=\"e-con-inner\">\n\t\t\t\t<div class=\"elementor-element elementor-element-949e6fd elementor-widget elementor-widget-heading\" data-id=\"949e6fd\" data-element_type=\"widget\" data-widget_type=\"heading.default\">\n\t\t\t\t<div class=\"elementor-widget-container\">\n\t\t\t<h2 class=\"elementor-heading-title elementor-size-default\">Nasze us\u0142ugi<\/h2>\t\t<\/div>\n\t\t\t\t<\/div>\n\t\t\t\t\t<\/div>\n\t\t\t\t<\/div>\n\t\t<div class=\"elementor-element elementor-element-b63ae76 e-grid e-con-boxed e-con e-parent\" data-id=\"b63ae76\" data-element_type=\"container\">\n\t\t\t\t\t<div class=\"e-con-inner\">\n\t\t\t\t<div class=\"elementor-element elementor-element-09c0690 elementor-widget elementor-widget-renovation_service_box\" data-id=\"09c0690\" data-element_type=\"widget\" data-widget_type=\"renovation_service_box.default\">\n\t\t\t\t<div class=\"elementor-widget-container\">\n\t\t\t\n\t\t<div class=\"renovation-service-box\">\n\t\t\t<div class=\"inner\">\n\t\t\t\t<div class=\"content\">\n\t\t\t\t\t\t\t\t\t\t\t<div class=\"icon-wrap\">\n\t\t\t\t\t\t\t<i class=\"fa fa-bug\" aria-hidden=\"true\"><\/i>\n\t\t\t\t\t\t<\/div>\n\t\t\t\t\t\n\t\t\t\t\t\t\t\t\t\t\t<h5 class=\"heading\">Diagnoza<\/h5>\n\t\t\t\t\t\t\t\t\t<\/div>\n\n\t\t\t\t<div class=\"content-overlay\">\n\t\t\t\t\t<div class=\"content-overlay-inner\">\n\t\t\t\t\t\t\t\t\t\t\t\t\t<h5 class=\"heading-overlay\">Diagnoza<\/h5>\n\t\t\t\t\t\t\n\t\t\t\t\t\t\t\t\t\t\t\t\t<div class=\"desc\">\n\t\t\t\t\t\t\t\tJe\u017celi nie jeste\u015b pewien, czy tw\u00f3j system automatyki zachowuje si\u0119 poprawnie oraz jak go zdiagnozowa\u0107, jak sprawdzi\u0107, czy wszystko jest w porz\u0105dku, to zadzwo\u0144 do Axeltron Lab. Doradz\u0119 Ci, co mo\u017cesz zrobi\u0107 bez rozkopywania wszystkiego a\u017c do samych fundament\u00f3w.\t\t\t\t\t\t\t<\/div>\n\t\t\t\t\t\t\n\t\t\t\t\t\t\t\t\t\t\t\t\t<a class=\"tm-service-button\" href=\"https:\/\/axeltron.pl\/index.php\/kontakt\/\">\n\t\t\t\t\t\t\t\t<span class=\"button-text\">\n\t\t\t\t\t\t\t\t\tDiagnozuj\t\t\t\t\t\t\t\t<\/span>\n\t\t\t\t\t\t\t<\/a>\n\t\t\t\t\t\t\t\t\t\t\t<\/div>\n\t\t\t\t<\/div>\n\t\t\t<\/div>\n\t\t<\/div>\n\t\t\t\t<\/div>\n\t\t\t\t<\/div>\n\t\t\t\t<div class=\"elementor-element elementor-element-41583cd elementor-widget elementor-widget-renovation_service_box\" data-id=\"41583cd\" data-element_type=\"widget\" data-widget_type=\"renovation_service_box.default\">\n\t\t\t\t<div class=\"elementor-widget-container\">\n\t\t\t\n\t\t<div class=\"renovation-service-box\">\n\t\t\t<div class=\"inner\">\n\t\t\t\t<div class=\"content\">\n\t\t\t\t\t\t\t\t\t\t\t<div class=\"icon-wrap\">\n\t\t\t\t\t\t\t<i class=\"fa fa-cog\" aria-hidden=\"true\"><\/i>\n\t\t\t\t\t\t<\/div>\n\t\t\t\t\t\n\t\t\t\t\t\t\t\t\t\t\t<h5 class=\"heading\">Naprawa<\/h5>\n\t\t\t\t\t\t\t\t\t<\/div>\n\n\t\t\t\t<div class=\"content-overlay\">\n\t\t\t\t\t<div class=\"content-overlay-inner\">\n\t\t\t\t\t\t\t\t\t\t\t\t\t<h5 class=\"heading-overlay\">Naprawa<\/h5>\n\t\t\t\t\t\t\n\t\t\t\t\t\t\t\t\t\t\t\t\t<div class=\"desc\">\n\t\t\t\t\t\t\t\tJe\u017celi ju\u017c wiesz, \u017ce twoja elektronika jest niesprawna i inni sobie z tym problemem nie radz\u0105, my pomo\u017cemy ci najszybciej jak tylko mo\u017cna, aby tylko twoje urz\u0105dzenie znowu by\u0142o sprawne. W\u0142asne zaplecze badawcze i stosowane unikalne, we w\u0142asnym zakresie skonstruowane przyrz\u0105dy, b\u0119d\u0105 gwarancj\u0105 du\u017cej skuteczno\u015bci przeprowadzonej naprawy.\t\t\t\t\t\t\t<\/div>\n\t\t\t\t\t\t\n\t\t\t\t\t\t\t\t\t\t\t\t\t<a class=\"tm-service-button\" href=\"https:\/\/axeltron.pl\/index.php\/kontakt\/\">\n\t\t\t\t\t\t\t\t<span class=\"button-text\">\n\t\t\t\t\t\t\t\t\tNapraw\t\t\t\t\t\t\t\t<\/span>\n\t\t\t\t\t\t\t<\/a>\n\t\t\t\t\t\t\t\t\t\t\t<\/div>\n\t\t\t\t<\/div>\n\t\t\t<\/div>\n\t\t<\/div>\n\t\t\t\t<\/div>\n\t\t\t\t<\/div>\n\t\t\t\t<div class=\"elementor-element elementor-element-36ea771 elementor-widget elementor-widget-renovation_service_box\" data-id=\"36ea771\" data-element_type=\"widget\" data-widget_type=\"renovation_service_box.default\">\n\t\t\t\t<div class=\"elementor-widget-container\">\n\t\t\t\n\t\t<div class=\"renovation-service-box\">\n\t\t\t<div class=\"inner\">\n\t\t\t\t<div class=\"content\">\n\t\t\t\t\t\t\t\t\t\t\t<div class=\"icon-wrap\">\n\t\t\t\t\t\t\t<i class=\"fa fa-shopping-cart\" aria-hidden=\"true\"><\/i>\n\t\t\t\t\t\t<\/div>\n\t\t\t\t\t\n\t\t\t\t\t\t\t\t\t\t\t<h5 class=\"heading\">Zakupy<\/h5>\n\t\t\t\t\t\t\t\t\t<\/div>\n\n\t\t\t\t<div class=\"content-overlay\">\n\t\t\t\t\t<div class=\"content-overlay-inner\">\n\t\t\t\t\t\t\t\t\t\t\t\t\t<h5 class=\"heading-overlay\">Zakupy<\/h5>\n\t\t\t\t\t\t\n\t\t\t\t\t\t\t\t\t\t\t\t\t<div class=\"desc\">\n\t\t\t\t\t\t\t\tJe\u017celi potrzebujesz w swoim projekcie rozwi\u0105zania z zakresu elektroniki steruj\u0105cej lub przyrz\u0105d diagnostyczny, kt\u00f3rego nie mo\u017cesz nigdzie kupi\u0107, to nasz adres r\u00f3wnie\u017c jest w\u0142a\u015bciwy, aby si\u0119 o to zapyta\u0107.\t\t\t\t\t\t\t<\/div>\n\t\t\t\t\t\t\n\t\t\t\t\t\t\t\t\t\t\t\t\t<a class=\"tm-service-button\" href=\"https:\/\/axeltron.pl\/index.php\/kontakt\/\">\n\t\t\t\t\t\t\t\t<span class=\"button-text\">\n\t\t\t\t\t\t\t\t\tKup\t\t\t\t\t\t\t\t<\/span>\n\t\t\t\t\t\t\t<\/a>\n\t\t\t\t\t\t\t\t\t\t\t<\/div>\n\t\t\t\t<\/div>\n\t\t\t<\/div>\n\t\t<\/div>\n\t\t\t\t<\/div>\n\t\t\t\t<\/div>\n\t\t\t\t<div class=\"elementor-element elementor-element-90e6bba elementor-widget elementor-widget-renovation_service_box\" data-id=\"90e6bba\" data-element_type=\"widget\" data-widget_type=\"renovation_service_box.default\">\n\t\t\t\t<div class=\"elementor-widget-container\">\n\t\t\t\n\t\t<div class=\"renovation-service-box\">\n\t\t\t<div class=\"inner\">\n\t\t\t\t<div class=\"content\">\n\t\t\t\t\t\t\t\t\t\t\t<div class=\"icon-wrap\">\n\t\t\t\t\t\t\t<i class=\"fa fa-address-book\" aria-hidden=\"true\"><\/i>\n\t\t\t\t\t\t<\/div>\n\t\t\t\t\t\n\t\t\t\t\t\t\t\t\t\t\t<h5 class=\"heading\">Profesjonalizm<\/h5>\n\t\t\t\t\t\t\t\t\t<\/div>\n\n\t\t\t\t<div class=\"content-overlay\">\n\t\t\t\t\t<div class=\"content-overlay-inner\">\n\t\t\t\t\t\t\t\t\t\t\t\t\t<h5 class=\"heading-overlay\">Profesjonalizm<\/h5>\n\t\t\t\t\t\t\n\t\t\t\t\t\t\t\t\t\t\t\t\t<div class=\"desc\">\n\t\t\t\t\t\t\t\tObecnie specjalizujemy si\u0119 w naprawach falownik\u00f3w niemieckich producent\u00f3w, ale podejmujemy si\u0119 naprawy tak\u017ce innych przyrz\u0105d\u00f3w automatyki, za wy\u0142\u0105czeniem robot\u00f3w i sterownik\u00f3w PLC.\t\t\t\t\t\t\t<\/div>\n\t\t\t\t\t\t\n\t\t\t\t\t\t\t\t\t\t\t\t\t<a class=\"tm-service-button\" href=\"https:\/\/axeltron.pl\/index.php\/kontakt\/\">\n\t\t\t\t\t\t\t\t<span class=\"button-text\">\n\t\t\t\t\t\t\t\t\tSkontaktuj si\u0119\t\t\t\t\t\t\t\t<\/span>\n\t\t\t\t\t\t\t<\/a>\n\t\t\t\t\t\t\t\t\t\t\t<\/div>\n\t\t\t\t<\/div>\n\t\t\t<\/div>\n\t\t<\/div>\n\t\t\t\t<\/div>\n\t\t\t\t<\/div>\n\t\t\t\t\t<\/div>\n\t\t\t\t<\/div>\n\t\t<div class=\"elementor-element elementor-element-07c2a4c e-flex e-con-boxed e-con e-parent\" data-id=\"07c2a4c\" data-element_type=\"container\">\n\t\t\t\t\t<div class=\"e-con-inner\">\n\t\t\t\t\t<\/div>\n\t\t\t\t<\/div>\n\t\t\t\t<\/div>\n\t\t","protected":false},"excerpt":{"rendered":"<p>Nasze us\u0142ugi Diagnoza Diagnoza Je\u017celi nie jeste\u015b pewien, czy tw\u00f3j system automatyki zachowuje si\u0119 poprawnie oraz jak go zdiagnozowa\u0107, jak sprawdzi\u0107, czy wszystko jest w porz\u0105dku, to zadzwo\u0144 do Axeltron Lab. Doradz\u0119 Ci, co mo\u017cesz zrobi\u0107 bez rozkopywania wszystkiego a\u017c do samych fundament\u00f3w. Diagnozuj Naprawa Naprawa Je\u017celi ju\u017c wiesz, \u017ce twoja elektronika jest niesprawna i [&hellip;]<\/p>\n","protected":false},"author":1,"featured_media":0,"parent":0,"menu_order":0,"comment_status":"closed","ping_status":"closed","template":"","meta":{"footnotes":""},"_links":{"self":[{"href":"https:\/\/axeltron.pl\/index.php\/wp-json\/wp\/v2\/pages\/11"}],"collection":[{"href":"https:\/\/axeltron.pl\/index.php\/wp-json\/wp\/v2\/pages"}],"about":[{"href":"https:\/\/axeltron.pl\/index.php\/wp-json\/wp\/v2\/types\/page"}],"author":[{"embeddable":true,"href":"https:\/\/axeltron.pl\/index.php\/wp-json\/wp\/v2\/users\/1"}],"replies":[{"embeddable":true,"href":"https:\/\/axeltron.pl\/index.php\/wp-json\/wp\/v2\/comments?post=11"}],"version-history":[{"count":41,"href":"https:\/\/axeltron.pl\/index.php\/wp-json\/wp\/v2\/pages\/11\/revisions"}],"predecessor-version":[{"id":2923,"href":"https:\/\/axeltron.pl\/index.php\/wp-json\/wp\/v2\/pages\/11\/revisions\/2923"}],"wp:attachment":[{"href":"https:\/\/axeltron.pl\/index.php\/wp-json\/wp\/v2\/media?parent=11"}],"curies":[{"name":"wp","href":"https:\/\/api.w.org\/{rel}","templated":true}]}}