{"id":13,"date":"2024-11-02T13:17:01","date_gmt":"2024-11-02T13:17:01","guid":{"rendered":"https:\/\/axeltron.pl\/?page_id=13"},"modified":"2024-11-07T13:25:13","modified_gmt":"2024-11-07T13:25:13","slug":"historia","status":"publish","type":"page","link":"https:\/\/axeltron.pl\/index.php\/historia\/","title":{"rendered":"Historia"},"content":{"rendered":"\t\t<div data-elementor-type=\"wp-page\" data-elementor-id=\"13\" class=\"elementor elementor-13\" data-elementor-post-type=\"page\">\n\t\t\t\t<div class=\"elementor-element elementor-element-87ee66b e-flex e-con-boxed e-con e-parent\" data-id=\"87ee66b\" data-element_type=\"container\">\n\t\t\t\t\t<div class=\"e-con-inner\">\n\t\t\t\t<div class=\"elementor-element elementor-element-b596a7c elementor-widget elementor-widget-heading\" data-id=\"b596a7c\" data-element_type=\"widget\" data-widget_type=\"heading.default\">\n\t\t\t\t<div class=\"elementor-widget-container\">\n\t\t\t<h2 class=\"elementor-heading-title elementor-size-default\">Historia firmy Axeltron<\/h2>\t\t<\/div>\n\t\t\t\t<\/div>\n\t\t\t\t\t<\/div>\n\t\t\t\t<\/div>\n\t\t<div class=\"elementor-element elementor-element-6f2d13e e-flex e-con-boxed e-con e-parent\" data-id=\"6f2d13e\" data-element_type=\"container\">\n\t\t\t\t\t<div class=\"e-con-inner\">\n\t\t<div class=\"elementor-element elementor-element-50d11d8 e-con-full e-flex e-con e-child\" data-id=\"50d11d8\" data-element_type=\"container\">\n\t\t\t\t<div class=\"elementor-element elementor-element-a387d9d elementor-widget elementor-widget-image\" data-id=\"a387d9d\" data-element_type=\"widget\" data-widget_type=\"image.default\">\n\t\t\t\t<div class=\"elementor-widget-container\">\n\t\t\t\t\t\t\t\t\t\t\t\t\t<img fetchpriority=\"high\" decoding=\"async\" width=\"195\" height=\"300\" src=\"https:\/\/axeltron.pl\/wp-content\/uploads\/2024\/11\/foto1972-195x300.jpg\" class=\"attachment-medium size-medium wp-image-2907\" alt=\"\" srcset=\"https:\/\/axeltron.pl\/wp-content\/uploads\/2024\/11\/foto1972-195x300.jpg 195w, https:\/\/axeltron.pl\/wp-content\/uploads\/2024\/11\/foto1972.jpg 213w\" sizes=\"(max-width: 195px) 100vw, 195px\" \/>\t\t\t\t\t\t\t\t\t\t\t\t\t<\/div>\n\t\t\t\t<\/div>\n\t\t\t\t<\/div>\n\t\t<div class=\"elementor-element elementor-element-14ba465 e-con-full e-flex e-con e-child\" data-id=\"14ba465\" data-element_type=\"container\">\n\t\t\t\t<div class=\"elementor-element elementor-element-940a39d elementor-widget elementor-widget-text-editor\" data-id=\"940a39d\" data-element_type=\"widget\" data-widget_type=\"text-editor.default\">\n\t\t\t\t<div class=\"elementor-widget-container\">\n\t\t\t\t\t\t\t<p>Historia firmy Axeltron wywodzi si\u0119 z pocz\u0105tku lat 70-tych, kiedy po raz pierwszy zobaczy\u0142em na w\u0142asne oczy w zak\u0142adzie serwisowym otwarte wn\u0119trza odbiornik\u00f3w radiowych i telewizyjnych. Magiczne \u015bwiat\u0142o pracuj\u0105cych lamp oraz bij\u0105ce od nich ciep\u0142o przywodzi\u0142y w prosty spos\u00f3b na my\u015bl maszyny do podr\u00f3\u017cy w czasie.<\/p><p>Potem by\u0142a pasja poznawania obwod\u00f3w elektrycznych z tymi ich wszystkimi diodami, lampami i tranzystorami. Oblicza\u0142em przek\u0142adnie transformator\u00f3w i pr\u00f3bowa\u0142em jako\u015b odgadn\u0105\u0107 bez pomocy jakiegokolwiek miernika napi\u0119cie punktu pracy tranzystora. A kiedy w 1979r ZSRR naje\u017cd\u017ca\u0142 Afganistan a w Iranie wybuch\u0142a rewolucja Chomeiniego, ja poszukiwa\u0142em po sklepach mo\u017cliwo\u015bci zakupienia zwyk\u0142ych izolowanych przewod\u00f3w, \u017ceby zbudowa\u0107 sobie zegar z wy\u015bwietlaczem LED. Z kolegami ze szko\u0142y kupowali\u015bmy wtedy kwas azotowy w pojemnikach po 5L, aby wytrawi\u0107 pierwsze obwody drukowane. W 1983 zbudowa\u0142em pierwsze radio superreakcyjne FM na jednym pojedy\u0144czym trazystorze BF200.<\/p>\t\t\t\t\t\t<\/div>\n\t\t\t\t<\/div>\n\t\t\t\t<\/div>\n\t\t\t\t\t<\/div>\n\t\t\t\t<\/div>\n\t\t<div class=\"elementor-element elementor-element-b786ed6 e-flex e-con-boxed e-con e-parent\" data-id=\"b786ed6\" data-element_type=\"container\">\n\t\t\t\t\t<div class=\"e-con-inner\">\n\t\t<div class=\"elementor-element elementor-element-8f7d7be e-con-full e-flex e-con e-child\" data-id=\"8f7d7be\" data-element_type=\"container\">\n\t\t\t\t<div class=\"elementor-element elementor-element-7b34e61 elementor-widget elementor-widget-image\" data-id=\"7b34e61\" data-element_type=\"widget\" data-widget_type=\"image.default\">\n\t\t\t\t<div class=\"elementor-widget-container\">\n\t\t\t\t\t\t\t\t\t\t\t\t\t<img decoding=\"async\" width=\"195\" height=\"253\" src=\"https:\/\/axeltron.pl\/wp-content\/uploads\/2024\/11\/foto-13-1992.png\" class=\"attachment-full size-full wp-image-2911\" alt=\"\" \/>\t\t\t\t\t\t\t\t\t\t\t\t\t<\/div>\n\t\t\t\t<\/div>\n\t\t\t\t<\/div>\n\t\t<div class=\"elementor-element elementor-element-1fbcbdf e-con-full e-flex e-con e-child\" data-id=\"1fbcbdf\" data-element_type=\"container\">\n\t\t\t\t<div class=\"elementor-element elementor-element-d02101c elementor-widget elementor-widget-text-editor\" data-id=\"d02101c\" data-element_type=\"widget\" data-widget_type=\"text-editor.default\">\n\t\t\t\t<div class=\"elementor-widget-container\">\n\t\t\t\t\t\t\t<p>Wtedy te\u017c, w 1983r zobaczy\u0142em na witrynie ksi\u0119garni pierwsz\u0105 ksi\u0105\u017ck\u0119 o mikroprocesorach. Logika i matematyka w najczystszej postaci. Ksi\u0105\u017cka szybko sta\u0142a si\u0119 moja a ja rozpocz\u0105\u0142em szereg projekt\u00f3w sterowania z wykorzystaniem mikroprocesora 8080 a potem zaraz Z80. Istniej\u0105 jeszcze zeszyty z wierszykami w postaci jak np:<br \/>&#8220;LD A, 6<br \/>ADD A, (HL)<br \/>LD (HL), A<br \/>INC HL<br \/>&#8230;&#8221;<\/p><p>Potem ju\u017c by\u0142o coraz szybciej. Pragnienie do\u015bwiadczenia obcowania z mo\u017cliwie najlepsz\u0105 technik\u0105 tamtych czas\u00f3w zaprowadzi\u0142o mnie do wojska, gdzie zapozna\u0142em si\u0119 z mniej i bardziej tajnymi systemami \u0142\u0105czno\u015bci, walk\u0105 z zak\u0142\u00f3ceniami i automatyk\u0105, wtedy jeszcze do\u015b\u0107 analogow\u0105.<\/p>\t\t\t\t\t\t<\/div>\n\t\t\t\t<\/div>\n\t\t\t\t<\/div>\n\t\t\t\t\t<\/div>\n\t\t\t\t<\/div>\n\t\t<div class=\"elementor-element elementor-element-58fa06c e-flex e-con-boxed e-con e-parent\" data-id=\"58fa06c\" data-element_type=\"container\">\n\t\t\t\t\t<div class=\"e-con-inner\">\n\t\t<div class=\"elementor-element elementor-element-a2bdff2 e-con-full e-flex e-con e-child\" data-id=\"a2bdff2\" data-element_type=\"container\">\n\t\t\t\t<div class=\"elementor-element elementor-element-9a3d195 elementor-widget elementor-widget-image\" data-id=\"9a3d195\" data-element_type=\"widget\" data-widget_type=\"image.default\">\n\t\t\t\t<div class=\"elementor-widget-container\">\n\t\t\t\t\t\t\t\t\t\t\t\t\t<img decoding=\"async\" width=\"624\" height=\"468\" src=\"https:\/\/axeltron.pl\/wp-content\/uploads\/2024\/11\/IMG_20220503_064438972.jpg\" class=\"attachment-large size-large wp-image-2910\" alt=\"\" srcset=\"https:\/\/axeltron.pl\/wp-content\/uploads\/2024\/11\/IMG_20220503_064438972.jpg 624w, https:\/\/axeltron.pl\/wp-content\/uploads\/2024\/11\/IMG_20220503_064438972-300x225.jpg 300w\" sizes=\"(max-width: 624px) 100vw, 624px\" \/>\t\t\t\t\t\t\t\t\t\t\t\t\t<\/div>\n\t\t\t\t<\/div>\n\t\t\t\t<\/div>\n\t\t<div class=\"elementor-element elementor-element-b059132 e-con-full e-flex e-con e-child\" data-id=\"b059132\" data-element_type=\"container\">\n\t\t\t\t<div class=\"elementor-element elementor-element-69cfcb8 elementor-widget elementor-widget-text-editor\" data-id=\"69cfcb8\" data-element_type=\"widget\" data-widget_type=\"text-editor.default\">\n\t\t\t\t<div class=\"elementor-widget-container\">\n\t\t\t\t\t\t\t<p>Potem by\u0142 ju\u017c rok 1991. To by\u0142 ten rok, od kiedy mo\u017cna liczy\u0107 pierwsze w\u0142asne dzia\u0142ania biznesowe, kt\u00f3re po latach wielu barwnych perypetii i zaprogramowaniu chyba niezliczonej ilo\u015bci mikrokontroler\u00f3w, doprowadzi\u0142y mnie do kolejnego epokowego odkrycia, jakim by\u0142o poznanie 10 lat temu profesjonalnej automatyki przemys\u0142owej.<\/p><p>I to po\u0142\u0105czenie mikrokontrolerowych system\u00f3w sterowania, kt\u00f3re same pobieraj\u0105 pr\u0105d 100mA, a steruj\u0105 pr\u0105dami, gdzie bezpieczniki 800A wielko\u015bci pi\u0119\u015bci nie s\u0105 rzadko\u015bci\u0105, jest tym, czym zajmuj\u0119 si\u0119 obecnie.<\/p><p>Je\u017celi wi\u0119c interesujesz si\u0119 podobnymi zagadnieniami, jeste\u015b ich entuzjast\u0105, albo masz w tej dziedzinie problem do rozwi\u0105zania, to zapraszam do wsp\u00f3\u0142pracy.<\/p>\t\t\t\t\t\t<\/div>\n\t\t\t\t<\/div>\n\t\t\t\t<\/div>\n\t\t\t\t\t<\/div>\n\t\t\t\t<\/div>\n\t\t\t\t<\/div>\n\t\t","protected":false},"excerpt":{"rendered":"<p>Historia firmy Axeltron Historia firmy Axeltron wywodzi si\u0119 z pocz\u0105tku lat 70-tych, kiedy po raz pierwszy zobaczy\u0142em na w\u0142asne oczy w zak\u0142adzie serwisowym otwarte wn\u0119trza odbiornik\u00f3w radiowych i telewizyjnych. Magiczne \u015bwiat\u0142o pracuj\u0105cych lamp oraz bij\u0105ce od nich ciep\u0142o przywodzi\u0142y w prosty spos\u00f3b na my\u015bl maszyny do podr\u00f3\u017cy w czasie. Potem by\u0142a pasja poznawania obwod\u00f3w elektrycznych [&hellip;]<\/p>\n","protected":false},"author":1,"featured_media":0,"parent":0,"menu_order":0,"comment_status":"closed","ping_status":"closed","template":"","meta":{"footnotes":""},"_links":{"self":[{"href":"https:\/\/axeltron.pl\/index.php\/wp-json\/wp\/v2\/pages\/13"}],"collection":[{"href":"https:\/\/axeltron.pl\/index.php\/wp-json\/wp\/v2\/pages"}],"about":[{"href":"https:\/\/axeltron.pl\/index.php\/wp-json\/wp\/v2\/types\/page"}],"author":[{"embeddable":true,"href":"https:\/\/axeltron.pl\/index.php\/wp-json\/wp\/v2\/users\/1"}],"replies":[{"embeddable":true,"href":"https:\/\/axeltron.pl\/index.php\/wp-json\/wp\/v2\/comments?post=13"}],"version-history":[{"count":13,"href":"https:\/\/axeltron.pl\/index.php\/wp-json\/wp\/v2\/pages\/13\/revisions"}],"predecessor-version":[{"id":2975,"href":"https:\/\/axeltron.pl\/index.php\/wp-json\/wp\/v2\/pages\/13\/revisions\/2975"}],"wp:attachment":[{"href":"https:\/\/axeltron.pl\/index.php\/wp-json\/wp\/v2\/media?parent=13"}],"curies":[{"name":"wp","href":"https:\/\/api.w.org\/{rel}","templated":true}]}}